{"id":8230,"date":"2023-10-25T15:09:07","date_gmt":"2023-10-25T15:09:07","guid":{"rendered":"https:\/\/boatopack.com\/?page_id=8230"},"modified":"2023-10-30T15:25:10","modified_gmt":"2023-10-30T15:25:10","slug":"ftd-machine-4-soudure-pour-le-produit-solid","status":"publish","type":"page","link":"https:\/\/boatopack.com\/fr\/ftd-machine-4-soudure-pour-le-produit-solid\/","title":{"rendered":"FTD &#8211; machine 4 soudure &#8211; pour le produit solid"},"content":{"rendered":"<div class=\"fusion-fullwidth fullwidth-box fusion-builder-row-1 fusion-flex-container nonhundred-percent-fullwidth non-hundred-percent-height-scrolling\" style=\"--awb-border-radius-top-left:0px;--awb-border-radius-top-right:0px;--awb-border-radius-bottom-right:0px;--awb-border-radius-bottom-left:0px;--awb-flex-wrap:wrap;\" ><div class=\"fusion-builder-row fusion-row fusion-flex-align-items-flex-start fusion-flex-content-wrap\" style=\"max-width:1320.8px;margin-left: calc(-4% \/ 2 );margin-right: calc(-4% \/ 2 );\"><div class=\"fusion-layout-column fusion_builder_column fusion-builder-column-0 fusion_builder_column_1_1 1_1 fusion-flex-column\" style=\"--awb-bg-size:cover;--awb-width-large:100%;--awb-margin-top-large:25px;--awb-spacing-right-large:1.92%;--awb-margin-bottom-large:25px;--awb-spacing-left-large:1.92%;--awb-width-medium:100%;--awb-order-medium:0;--awb-spacing-right-medium:1.92%;--awb-spacing-left-medium:1.92%;--awb-width-small:100%;--awb-order-small:0;--awb-spacing-right-small:1.92%;--awb-spacing-left-small:1.92%;\"><div class=\"fusion-column-wrapper fusion-column-has-shadow fusion-flex-justify-content-flex-start fusion-content-layout-column\"><div class=\"fusion-title title fusion-title-1 fusion-sep-none fusion-title-center fusion-title-text fusion-title-size-two\" style=\"--awb-text-color:#ea0a2a;--awb-margin-top:10px;--awb-margin-bottom:10px;\"><h2 class=\"fusion-title-heading title-heading-center fusion-responsive-typography-calculated\" style=\"margin:0;--fontSize:44;line-height:1.26;\"><p style=\"text-align: center;\"><strong>FTD &#8211; machine 4 soudure<br \/>\n<\/strong><\/p>\n<h4 style=\"text-align: center; color: #ea0a2a;\"><em>pour le produit solid<\/em><\/h4><\/h2><\/div><div class=\"fusion-separator\" style=\"align-self: center;margin-left: auto;margin-right: auto;margin-top:20px;margin-bottom:20px;width:100%;max-width:50%;\"><div class=\"fusion-separator-border sep-single sep-solid\" style=\"--awb-height:20px;--awb-amount:20px;--awb-sep-color:#ea0a2a;border-color:#ea0a2a;border-top-width:2px;\"><\/div><\/div><div class=\"fusion-blog-shortcode fusion-blog-shortcode-1 fusion-blog-archive fusion-blog-layout-medium-alternate fusion-blog-infinite\"><div class=\"fusion-posts-container fusion-posts-container-infinite fusion-no-meta-info\" data-pages=\"1\"><article id=\"blog-1-post-8020\" class=\"fusion-post-medium-alternate post-8020 post type-post status-publish format-standard has-post-thumbnail hentry category-ftd-fr category-machine-4-soudure category-machine-4-soudure-solid tag-comprimes tag-doseur-pour-solides tag-machine-4-soudure tag-sachet-4-soudure tag-solide tag-solides\">\n<div class=\"fusion-date-and-formats\"><div class=\"fusion-date-box updated\"><span class=\"fusion-date\">9:25 am<\/span><span class=\"fusion-month-year\">9:25 am<\/span><\/div><div class=\"fusion-format-box\"><i class=\"awb-icon-pen\" aria-hidden=\"true\"><\/i><\/div><\/div>\t<style type=\"text\/css\">\n\t\t\n\t\t\n\t\t\n\t\t\n\t\t\t<\/style>\n\n\n\t\t\t<div class=\"fusion-flexslider flexslider fusion-flexslider-loading fusion-post-slideshow\" style=\"\">\n\t\t<ul class=\"slides\">\n\t\t\t\n\t\t\t\t\t\t\t\t\t\t\t\t\t\t<li><div  class=\"fusion-image-wrapper fusion-image-size-fixed\" aria-haspopup=\"true\">\n\t\t\t\t\t\t\t<a href=\"https:\/\/boatopack.com\/fr\/ftd\/\" aria-label=\"FTD\">\n\t\t\t\t\t\t\t<img decoding=\"async\" width=\"320\" height=\"202\" src=\"https:\/\/boatopack.com\/web\/wp-content\/uploads\/2021\/11\/FTDEVO-horiz-320x202.png\" class=\"attachment-blog-medium size-blog-medium lazyload wp-post-image\" alt=\"Counting doser on a four side seal sachet machine\" srcset=\"data:image\/svg+xml,%3Csvg%20xmlns%3D%27http%3A%2F%2Fwww.w3.org%2F2000%2Fsvg%27%20width%3D%271280%27%20height%3D%27720%27%20viewBox%3D%270%200%201280%20720%27%3E%3Crect%20width%3D%271280%27%20height%3D%27720%27%20fill-opacity%3D%220%22%2F%3E%3C%2Fsvg%3E\" data-orig-src=\"https:\/\/boatopack.com\/web\/wp-content\/uploads\/2021\/11\/FTDEVO-horiz-320x202.png\" data-srcset=\"https:\/\/boatopack.com\/web\/wp-content\/uploads\/2021\/11\/FTDEVO-horiz-320x202.png 320w, https:\/\/boatopack.com\/web\/wp-content\/uploads\/2021\/11\/FTDEVO-horiz-700x441.png 700w\" data-sizes=\"auto\" \/>\t\t\t<\/a>\n\t\t\t\t\t\t\t<\/div>\n<\/li>\n\t\t\t\n\t\t\t\n\t\t\t\t\t\t\t\t\t\t\t\t\t\t\t\t\t\t\t\t\t\t\t\t\t\t\t\t\t\t\t\t\t\t\t\t\t\t\t\t\t\t\t\t\t\t\t\t\t\t\t\t\t\t\t\t\t\t\t\t\t\t\t\t\t\t\t\t<\/ul>\n\t<\/div>\n\t<div class=\"fusion-post-content post-content\"><h2 class=\"blog-shortcode-post-title entry-title\"><a href=\"https:\/\/boatopack.com\/fr\/ftd\/\">FTD<\/a><\/h2><div class=\"fusion-post-content-container\"><p> machine 4 soudure  pour le produit solid        Compteur Doseur FTD Doseur ...<\/p><\/div><\/div><div class=\"fusion-clearfix\"><\/div><\/article>\n<article id=\"blog-1-post-8016\" class=\"fusion-post-medium-alternate post-8016 post type-post status-publish format-standard has-post-thumbnail hentry category-ftd-fr category-machine-4-soudure-evo2 category-4soudure-solides-evo2 tag-comprimes tag-doseur-pour-solides tag-machine-4-soudure tag-sachet-4-soudure tag-solide tag-solides\">\n<div class=\"fusion-date-and-formats\"><div class=\"fusion-date-box updated\"><span class=\"fusion-date\">9:10 am<\/span><span class=\"fusion-month-year\">9:10 am<\/span><\/div><div class=\"fusion-format-box\"><i class=\"awb-icon-pen\" aria-hidden=\"true\"><\/i><\/div><\/div>\t<style type=\"text\/css\">\n\t\t\n\t\t\n\t\t\n\t\t\n\t\t\t<\/style>\n\n\n\t\t\t<div class=\"fusion-flexslider flexslider fusion-flexslider-loading fusion-post-slideshow\" style=\"\">\n\t\t<ul class=\"slides\">\n\t\t\t\n\t\t\t\t\t\t\t\t\t\t\t\t\t\t<li><div  class=\"fusion-image-wrapper fusion-image-size-fixed\" aria-haspopup=\"true\">\n\t\t\t\t\t\t\t<a href=\"https:\/\/boatopack.com\/fr\/ftd-evo-2\/\" aria-label=\"FTD &#8211; EVO 2\">\n\t\t\t\t\t\t\t<img decoding=\"async\" width=\"320\" height=\"202\" src=\"https:\/\/boatopack.com\/web\/wp-content\/uploads\/2021\/11\/FTDEVO2-horiz-320x202.png\" class=\"attachment-blog-medium size-blog-medium lazyload wp-post-image\" alt=\"Conting doser on a four side seal sachet machine\" srcset=\"data:image\/svg+xml,%3Csvg%20xmlns%3D%27http%3A%2F%2Fwww.w3.org%2F2000%2Fsvg%27%20width%3D%271280%27%20height%3D%27720%27%20viewBox%3D%270%200%201280%20720%27%3E%3Crect%20width%3D%271280%27%20height%3D%27720%27%20fill-opacity%3D%220%22%2F%3E%3C%2Fsvg%3E\" data-orig-src=\"https:\/\/boatopack.com\/web\/wp-content\/uploads\/2021\/11\/FTDEVO2-horiz-320x202.png\" data-srcset=\"https:\/\/boatopack.com\/web\/wp-content\/uploads\/2021\/11\/FTDEVO2-horiz-320x202.png 320w, https:\/\/boatopack.com\/web\/wp-content\/uploads\/2021\/11\/FTDEVO2-horiz-700x441.png 700w\" data-sizes=\"auto\" \/>\t\t\t<\/a>\n\t\t\t\t\t\t\t<\/div>\n<\/li>\n\t\t\t\n\t\t\t\n\t\t\t\t\t\t\t\t\t\t\t\t\t\t\t\t\t\t\t\t\t\t\t\t\t\t\t\t\t\t\t\t\t\t\t\t\t\t\t\t\t\t\t\t\t\t\t\t\t\t\t\t\t\t\t\t\t\t\t\t\t\t\t\t\t\t\t\t<\/ul>\n\t<\/div>\n\t<div class=\"fusion-post-content post-content\"><h2 class=\"blog-shortcode-post-title entry-title\"><a href=\"https:\/\/boatopack.com\/fr\/ftd-evo-2\/\">FTD &#8211; EVO 2<\/a><\/h2><div class=\"fusion-post-content-container\"><p> machine 4 soudure EVO 2  pour le produit solid        Compteur Doseur ...<\/p><\/div><\/div><div class=\"fusion-clearfix\"><\/div><\/article>\n<\/div><\/div><\/div><\/div><\/div><\/div>\n","protected":false},"excerpt":{"rendered":"","protected":false},"author":1,"featured_media":4825,"parent":0,"menu_order":0,"comment_status":"closed","ping_status":"closed","template":"","meta":{"footnotes":""},"class_list":["post-8230","page","type-page","status-publish","has-post-thumbnail","hentry"],"yoast_head":"<!-- This site is optimized with the Yoast SEO plugin v27.4 - https:\/\/yoast.com\/product\/yoast-seo-wordpress\/ -->\n<title>FTD - machine 4 soudure - pour le produit solid - Liquid, powder and solid sachet filling machines |<\/title>\n<meta name=\"description\" content=\"Le plateau de dosage se d\u00e9place d&#039;avant en arri\u00e8re, permettant au produit de tomber de la tr\u00e9mie dans les chambres de dosage, puis d&#039;\u00eatre lib\u00e9r\u00e9 dans le sachet \u00e0 travers les tubes de dosage.\" \/>\n<meta name=\"robots\" content=\"index, follow, max-snippet:-1, max-image-preview:large, max-video-preview:-1\" \/>\n<link rel=\"canonical\" href=\"https:\/\/boatopack.com\/fr\/ftd-machine-4-soudure-pour-le-produit-solid\/\" \/>\n<meta name=\"twitter:label1\" content=\"Dur\u00e9e de lecture estim\u00e9e\" \/>\n\t<meta name=\"twitter:data1\" content=\"2 minutes\" \/>\n<script type=\"application\/ld+json\" class=\"yoast-schema-graph\">{\"@context\":\"https:\\\/\\\/schema.org\",\"@graph\":[{\"@type\":\"WebPage\",\"@id\":\"https:\\\/\\\/boatopack.com\\\/fr\\\/ftd-machine-4-soudure-pour-le-produit-solid\\\/\",\"url\":\"https:\\\/\\\/boatopack.com\\\/fr\\\/ftd-machine-4-soudure-pour-le-produit-solid\\\/\",\"name\":\"FTD - machine 4 soudure - pour le produit solid - Liquid, powder and solid sachet filling machines |\",\"isPartOf\":{\"@id\":\"https:\\\/\\\/boatopack.com\\\/fr\\\/#website\"},\"primaryImageOfPage\":{\"@id\":\"https:\\\/\\\/boatopack.com\\\/fr\\\/ftd-machine-4-soudure-pour-le-produit-solid\\\/#primaryimage\"},\"image\":{\"@id\":\"https:\\\/\\\/boatopack.com\\\/fr\\\/ftd-machine-4-soudure-pour-le-produit-solid\\\/#primaryimage\"},\"thumbnailUrl\":\"https:\\\/\\\/boatopack.com\\\/web\\\/wp-content\\\/uploads\\\/2021\\\/12\\\/4ss.png\",\"datePublished\":\"2023-10-25T15:09:07+00:00\",\"dateModified\":\"2023-10-30T15:25:10+00:00\",\"description\":\"Le plateau de dosage se d\u00e9place d'avant en arri\u00e8re, permettant au produit de tomber de la tr\u00e9mie dans les chambres de dosage, puis d'\u00eatre lib\u00e9r\u00e9 dans le sachet \u00e0 travers les tubes de dosage.\",\"breadcrumb\":{\"@id\":\"https:\\\/\\\/boatopack.com\\\/fr\\\/ftd-machine-4-soudure-pour-le-produit-solid\\\/#breadcrumb\"},\"inLanguage\":\"fr-FR\",\"potentialAction\":[{\"@type\":\"ReadAction\",\"target\":[\"https:\\\/\\\/boatopack.com\\\/fr\\\/ftd-machine-4-soudure-pour-le-produit-solid\\\/\"]}]},{\"@type\":\"ImageObject\",\"inLanguage\":\"fr-FR\",\"@id\":\"https:\\\/\\\/boatopack.com\\\/fr\\\/ftd-machine-4-soudure-pour-le-produit-solid\\\/#primaryimage\",\"url\":\"https:\\\/\\\/boatopack.com\\\/web\\\/wp-content\\\/uploads\\\/2021\\\/12\\\/4ss.png\",\"contentUrl\":\"https:\\\/\\\/boatopack.com\\\/web\\\/wp-content\\\/uploads\\\/2021\\\/12\\\/4ss.png\",\"width\":500,\"height\":500,\"caption\":\"Four Side seal sachet\"},{\"@type\":\"BreadcrumbList\",\"@id\":\"https:\\\/\\\/boatopack.com\\\/fr\\\/ftd-machine-4-soudure-pour-le-produit-solid\\\/#breadcrumb\",\"itemListElement\":[{\"@type\":\"ListItem\",\"position\":1,\"name\":\"Home\",\"item\":\"https:\\\/\\\/boatopack.com\\\/fr\\\/\"},{\"@type\":\"ListItem\",\"position\":2,\"name\":\"FTD &#8211; machine 4 soudure &#8211; pour le produit solid\"}]},{\"@type\":\"WebSite\",\"@id\":\"https:\\\/\\\/boatopack.com\\\/fr\\\/#website\",\"url\":\"https:\\\/\\\/boatopack.com\\\/fr\\\/\",\"name\":\"Liquid, powder and solid sachet filling machines |\",\"description\":\"Boato Pack S.r.l.\",\"publisher\":{\"@id\":\"https:\\\/\\\/boatopack.com\\\/fr\\\/#organization\"},\"potentialAction\":[{\"@type\":\"SearchAction\",\"target\":{\"@type\":\"EntryPoint\",\"urlTemplate\":\"https:\\\/\\\/boatopack.com\\\/fr\\\/?s={search_term_string}\"},\"query-input\":{\"@type\":\"PropertyValueSpecification\",\"valueRequired\":true,\"valueName\":\"search_term_string\"}}],\"inLanguage\":\"fr-FR\"},{\"@type\":\"Organization\",\"@id\":\"https:\\\/\\\/boatopack.com\\\/fr\\\/#organization\",\"name\":\"BOATO PACK S.r.l.\",\"url\":\"https:\\\/\\\/boatopack.com\\\/fr\\\/\",\"logo\":{\"@type\":\"ImageObject\",\"inLanguage\":\"fr-FR\",\"@id\":\"https:\\\/\\\/boatopack.com\\\/fr\\\/#\\\/schema\\\/logo\\\/image\\\/\",\"url\":\"https:\\\/\\\/boatopack.com\\\/web\\\/wp-content\\\/uploads\\\/2021\\\/07\\\/logo_big.png\",\"contentUrl\":\"https:\\\/\\\/boatopack.com\\\/web\\\/wp-content\\\/uploads\\\/2021\\\/07\\\/logo_big.png\",\"width\":400,\"height\":79,\"caption\":\"BOATO PACK S.r.l.\"},\"image\":{\"@id\":\"https:\\\/\\\/boatopack.com\\\/fr\\\/#\\\/schema\\\/logo\\\/image\\\/\"},\"sameAs\":[\"https:\\\/\\\/www.linkedin.com\\\/company\\\/boatopack\\\/\",\"https:\\\/\\\/www.youtube.com\\\/watch?v=LPcVeoSXxUI\"]}]}<\/script>\n<!-- \/ Yoast SEO plugin. -->","yoast_head_json":{"title":"FTD - machine 4 soudure - pour le produit solid - Liquid, powder and solid sachet filling machines |","description":"Le plateau de dosage se d\u00e9place d'avant en arri\u00e8re, permettant au produit de tomber de la tr\u00e9mie dans les chambres de dosage, puis d'\u00eatre lib\u00e9r\u00e9 dans le sachet \u00e0 travers les tubes de dosage.","robots":{"index":"index","follow":"follow","max-snippet":"max-snippet:-1","max-image-preview":"max-image-preview:large","max-video-preview":"max-video-preview:-1"},"canonical":"https:\/\/boatopack.com\/fr\/ftd-machine-4-soudure-pour-le-produit-solid\/","twitter_misc":{"Dur\u00e9e de lecture estim\u00e9e":"2 minutes"},"schema":{"@context":"https:\/\/schema.org","@graph":[{"@type":"WebPage","@id":"https:\/\/boatopack.com\/fr\/ftd-machine-4-soudure-pour-le-produit-solid\/","url":"https:\/\/boatopack.com\/fr\/ftd-machine-4-soudure-pour-le-produit-solid\/","name":"FTD - machine 4 soudure - pour le produit solid - Liquid, powder and solid sachet filling machines |","isPartOf":{"@id":"https:\/\/boatopack.com\/fr\/#website"},"primaryImageOfPage":{"@id":"https:\/\/boatopack.com\/fr\/ftd-machine-4-soudure-pour-le-produit-solid\/#primaryimage"},"image":{"@id":"https:\/\/boatopack.com\/fr\/ftd-machine-4-soudure-pour-le-produit-solid\/#primaryimage"},"thumbnailUrl":"https:\/\/boatopack.com\/web\/wp-content\/uploads\/2021\/12\/4ss.png","datePublished":"2023-10-25T15:09:07+00:00","dateModified":"2023-10-30T15:25:10+00:00","description":"Le plateau de dosage se d\u00e9place d'avant en arri\u00e8re, permettant au produit de tomber de la tr\u00e9mie dans les chambres de dosage, puis d'\u00eatre lib\u00e9r\u00e9 dans le sachet \u00e0 travers les tubes de dosage.","breadcrumb":{"@id":"https:\/\/boatopack.com\/fr\/ftd-machine-4-soudure-pour-le-produit-solid\/#breadcrumb"},"inLanguage":"fr-FR","potentialAction":[{"@type":"ReadAction","target":["https:\/\/boatopack.com\/fr\/ftd-machine-4-soudure-pour-le-produit-solid\/"]}]},{"@type":"ImageObject","inLanguage":"fr-FR","@id":"https:\/\/boatopack.com\/fr\/ftd-machine-4-soudure-pour-le-produit-solid\/#primaryimage","url":"https:\/\/boatopack.com\/web\/wp-content\/uploads\/2021\/12\/4ss.png","contentUrl":"https:\/\/boatopack.com\/web\/wp-content\/uploads\/2021\/12\/4ss.png","width":500,"height":500,"caption":"Four Side seal sachet"},{"@type":"BreadcrumbList","@id":"https:\/\/boatopack.com\/fr\/ftd-machine-4-soudure-pour-le-produit-solid\/#breadcrumb","itemListElement":[{"@type":"ListItem","position":1,"name":"Home","item":"https:\/\/boatopack.com\/fr\/"},{"@type":"ListItem","position":2,"name":"FTD &#8211; machine 4 soudure &#8211; pour le produit solid"}]},{"@type":"WebSite","@id":"https:\/\/boatopack.com\/fr\/#website","url":"https:\/\/boatopack.com\/fr\/","name":"Liquid, powder and solid sachet filling machines |","description":"Boato Pack S.r.l.","publisher":{"@id":"https:\/\/boatopack.com\/fr\/#organization"},"potentialAction":[{"@type":"SearchAction","target":{"@type":"EntryPoint","urlTemplate":"https:\/\/boatopack.com\/fr\/?s={search_term_string}"},"query-input":{"@type":"PropertyValueSpecification","valueRequired":true,"valueName":"search_term_string"}}],"inLanguage":"fr-FR"},{"@type":"Organization","@id":"https:\/\/boatopack.com\/fr\/#organization","name":"BOATO PACK S.r.l.","url":"https:\/\/boatopack.com\/fr\/","logo":{"@type":"ImageObject","inLanguage":"fr-FR","@id":"https:\/\/boatopack.com\/fr\/#\/schema\/logo\/image\/","url":"https:\/\/boatopack.com\/web\/wp-content\/uploads\/2021\/07\/logo_big.png","contentUrl":"https:\/\/boatopack.com\/web\/wp-content\/uploads\/2021\/07\/logo_big.png","width":400,"height":79,"caption":"BOATO PACK S.r.l."},"image":{"@id":"https:\/\/boatopack.com\/fr\/#\/schema\/logo\/image\/"},"sameAs":["https:\/\/www.linkedin.com\/company\/boatopack\/","https:\/\/www.youtube.com\/watch?v=LPcVeoSXxUI"]}]}},"_links":{"self":[{"href":"https:\/\/boatopack.com\/fr\/wp-json\/wp\/v2\/pages\/8230","targetHints":{"allow":["GET"]}}],"collection":[{"href":"https:\/\/boatopack.com\/fr\/wp-json\/wp\/v2\/pages"}],"about":[{"href":"https:\/\/boatopack.com\/fr\/wp-json\/wp\/v2\/types\/page"}],"author":[{"embeddable":true,"href":"https:\/\/boatopack.com\/fr\/wp-json\/wp\/v2\/users\/1"}],"replies":[{"embeddable":true,"href":"https:\/\/boatopack.com\/fr\/wp-json\/wp\/v2\/comments?post=8230"}],"version-history":[{"count":3,"href":"https:\/\/boatopack.com\/fr\/wp-json\/wp\/v2\/pages\/8230\/revisions"}],"predecessor-version":[{"id":8315,"href":"https:\/\/boatopack.com\/fr\/wp-json\/wp\/v2\/pages\/8230\/revisions\/8315"}],"wp:featuredmedia":[{"embeddable":true,"href":"https:\/\/boatopack.com\/fr\/wp-json\/wp\/v2\/media\/4825"}],"wp:attachment":[{"href":"https:\/\/boatopack.com\/fr\/wp-json\/wp\/v2\/media?parent=8230"}],"curies":[{"name":"wp","href":"https:\/\/api.w.org\/{rel}","templated":true}]}}