{"id":8205,"date":"2023-10-25T14:42:20","date_gmt":"2023-10-25T14:42:20","guid":{"rendered":"https:\/\/boatopack.com\/?page_id=8205"},"modified":"2023-10-30T16:18:53","modified_gmt":"2023-10-30T16:18:53","slug":"machine-4-soudure","status":"publish","type":"page","link":"https:\/\/boatopack.com\/fr\/machine-4-soudure\/","title":{"rendered":"machine 4 soudure"},"content":{"rendered":"<div class=\"fusion-fullwidth fullwidth-box fusion-builder-row-1 fusion-flex-container nonhundred-percent-fullwidth non-hundred-percent-height-scrolling\" style=\"--awb-border-radius-top-left:0px;--awb-border-radius-top-right:0px;--awb-border-radius-bottom-right:0px;--awb-border-radius-bottom-left:0px;--awb-flex-wrap:wrap;\" ><div class=\"fusion-builder-row fusion-row fusion-flex-align-items-flex-start fusion-flex-justify-content-center fusion-flex-content-wrap\" style=\"max-width:1320.8px;margin-left: calc(-4% \/ 2 );margin-right: calc(-4% \/ 2 );\"><div class=\"fusion-layout-column fusion_builder_column fusion-builder-column-0 fusion_builder_column_1_1 1_1 fusion-flex-column\" style=\"--awb-bg-size:cover;--awb-width-large:100%;--awb-margin-top-large:25px;--awb-spacing-right-large:1.92%;--awb-margin-bottom-large:25px;--awb-spacing-left-large:1.92%;--awb-width-medium:100%;--awb-order-medium:0;--awb-spacing-right-medium:1.92%;--awb-spacing-left-medium:1.92%;--awb-width-small:100%;--awb-order-small:0;--awb-spacing-right-small:1.92%;--awb-spacing-left-small:1.92%;\"><div class=\"fusion-column-wrapper fusion-column-has-shadow fusion-flex-justify-content-flex-start fusion-content-layout-column\"><div class=\"fusion-title title fusion-title-1 fusion-sep-none fusion-title-center fusion-title-text fusion-title-size-two\" style=\"--awb-text-color:#ea0a2a;--awb-margin-top:10px;--awb-margin-bottom:10px;\"><h2 class=\"fusion-title-heading title-heading-center fusion-responsive-typography-calculated\" style=\"margin:0;--fontSize:44;line-height:1.26;\">machine 4 soudure<\/h2><\/div><div class=\"fusion-separator\" style=\"align-self: center;margin-left: auto;margin-right: auto;margin-top:20px;margin-bottom:20px;width:100%;max-width:50%;\"><div class=\"fusion-separator-border sep-single sep-solid\" style=\"--awb-height:20px;--awb-amount:20px;--awb-sep-color:#ea0a2a;border-color:#ea0a2a;border-top-width:2px;\"><\/div><\/div><div class=\"fusion-blog-shortcode fusion-blog-shortcode-1 fusion-blog-archive fusion-blog-layout-medium-alternate fusion-blog-infinite\"><div class=\"fusion-posts-container fusion-posts-container-infinite fusion-no-meta-info\" data-pages=\"1\"><article id=\"blog-1-post-8040\" class=\"fusion-post-medium-alternate post-8040 post type-post status-publish format-standard has-post-thumbnail hentry category-machine-4-soudure tag-doseur-pour-liquides-semi-liquides tag-liquides-et-semi-liquides-produit tag-sachet-4-soudure tag-sachet-pour-liquides\">\n<div class=\"fusion-date-and-formats\"><div class=\"fusion-date-box updated\"><span class=\"fusion-date\">11:12 am<\/span><span class=\"fusion-month-year\">11:12 am<\/span><\/div><div class=\"fusion-format-box\"><i class=\"awb-icon-pen\" aria-hidden=\"true\"><\/i><\/div><\/div>\t<style type=\"text\/css\">\n\t\t\n\t\t\n\t\t\n\t\t\n\t\t\t<\/style>\n\n\n\t\t\t<div class=\"fusion-flexslider flexslider fusion-flexslider-loading fusion-post-slideshow\" style=\"\">\n\t\t<ul class=\"slides\">\n\t\t\t\n\t\t\t\t\t\t\t\t\t\t\t\t\t\t<li><div  class=\"fusion-image-wrapper fusion-image-size-fixed\" aria-haspopup=\"true\">\n\t\t\t\t\t\t\t<a href=\"https:\/\/boatopack.com\/fr\/tornado-evo-sachet-machine\/\" aria-label=\"Tornado EVO sachet machine\">\n\t\t\t\t\t\t\t<img decoding=\"async\" width=\"320\" height=\"202\" src=\"https:\/\/boatopack.com\/web\/wp-content\/uploads\/2021\/12\/EVO-horiz-320x202.png\" class=\"attachment-blog-medium size-blog-medium lazyload wp-post-image\" alt=\"Tornado EVO button\" srcset=\"data:image\/svg+xml,%3Csvg%20xmlns%3D%27http%3A%2F%2Fwww.w3.org%2F2000%2Fsvg%27%20width%3D%271280%27%20height%3D%27720%27%20viewBox%3D%270%200%201280%20720%27%3E%3Crect%20width%3D%271280%27%20height%3D%27720%27%20fill-opacity%3D%220%22%2F%3E%3C%2Fsvg%3E\" data-orig-src=\"https:\/\/boatopack.com\/web\/wp-content\/uploads\/2021\/12\/EVO-horiz-320x202.png\" data-srcset=\"https:\/\/boatopack.com\/web\/wp-content\/uploads\/2021\/12\/EVO-horiz-320x202.png 320w, https:\/\/boatopack.com\/web\/wp-content\/uploads\/2021\/12\/EVO-horiz-700x441.png 700w\" data-sizes=\"auto\" \/>\t\t\t<\/a>\n\t\t\t\t\t\t\t<\/div>\n<\/li>\n\t\t\t\n\t\t\t\n\t\t\t\t\t\t\t\t\t\t\t\t\t\t\t\t\t\t\t\t\t\t\t\t\t\t\t\t\t\t\t\t\t\t\t\t\t\t\t\t\t\t\t\t\t\t\t\t\t\t\t\t\t\t\t\t\t\t\t\t\t\t\t\t\t\t\t\t<\/ul>\n\t<\/div>\n\t<div class=\"fusion-post-content post-content\"><h2 class=\"blog-shortcode-post-title entry-title\"><a href=\"https:\/\/boatopack.com\/fr\/tornado-evo-sachet-machine\/\">Tornado EVO sachet machine<\/a><\/h2><div class=\"fusion-post-content-container\"><p> machine 4 soudure Tornado EVO       interface op\u00e9rateur \u00e0 \u00e9cran tactile de 10\u201d; gestion des recettes: m\u00e9morisation et r\u00e9cup\u00e9ration ...<\/p><\/div><\/div><div class=\"fusion-clearfix\"><\/div><\/article>\n<article id=\"blog-1-post-8044\" class=\"fusion-post-medium-alternate post-8044 post type-post status-publish format-standard has-post-thumbnail hentry category-machine-4-soudure-evo2 tag-doseur-pour-liquides-semi-liquides tag-liquides-et-semi-liquides-produit tag-sachet-4-soudure tag-sachet-pour-liquides\">\n<div class=\"fusion-date-and-formats\"><div class=\"fusion-date-box updated\"><span class=\"fusion-date\">11:18 am<\/span><span class=\"fusion-month-year\">11:18 am<\/span><\/div><div class=\"fusion-format-box\"><i class=\"awb-icon-pen\" aria-hidden=\"true\"><\/i><\/div><\/div>\t<style type=\"text\/css\">\n\t\t\n\t\t\n\t\t\n\t\t\n\t\t\t<\/style>\n\n\n\t\t\t<div class=\"fusion-flexslider flexslider fusion-flexslider-loading fusion-post-slideshow\" style=\"\">\n\t\t<ul class=\"slides\">\n\t\t\t\n\t\t\t\t\t\t\t\t\t\t\t\t\t\t<li><div  class=\"fusion-image-wrapper fusion-image-size-fixed\" aria-haspopup=\"true\">\n\t\t\t\t\t\t\t<a href=\"https:\/\/boatopack.com\/fr\/tornado-evo2\/\" aria-label=\"Tornado EVO2\">\n\t\t\t\t\t\t\t<img decoding=\"async\" width=\"320\" height=\"202\" src=\"https:\/\/boatopack.com\/web\/wp-content\/uploads\/2021\/12\/EVO2-horiz-320x202.png\" class=\"attachment-blog-medium size-blog-medium lazyload wp-post-image\" alt=\"Tornado EVO 2\" srcset=\"data:image\/svg+xml,%3Csvg%20xmlns%3D%27http%3A%2F%2Fwww.w3.org%2F2000%2Fsvg%27%20width%3D%271280%27%20height%3D%27720%27%20viewBox%3D%270%200%201280%20720%27%3E%3Crect%20width%3D%271280%27%20height%3D%27720%27%20fill-opacity%3D%220%22%2F%3E%3C%2Fsvg%3E\" data-orig-src=\"https:\/\/boatopack.com\/web\/wp-content\/uploads\/2021\/12\/EVO2-horiz-320x202.png\" data-srcset=\"https:\/\/boatopack.com\/web\/wp-content\/uploads\/2021\/12\/EVO2-horiz-320x202.png 320w, https:\/\/boatopack.com\/web\/wp-content\/uploads\/2021\/12\/EVO2-horiz-700x441.png 700w\" data-sizes=\"auto\" \/>\t\t\t<\/a>\n\t\t\t\t\t\t\t<\/div>\n<\/li>\n\t\t\t\n\t\t\t\n\t\t\t\t\t\t\t\t\t\t\t\t\t\t\t\t\t\t\t\t\t\t\t\t\t\t\t\t\t\t\t\t\t\t\t\t\t\t\t\t\t\t\t\t\t\t\t\t\t\t\t\t\t\t\t\t\t\t\t\t\t\t\t\t\t\t\t\t<\/ul>\n\t<\/div>\n\t<div class=\"fusion-post-content post-content\"><h2 class=\"blog-shortcode-post-title entry-title\"><a href=\"https:\/\/boatopack.com\/fr\/tornado-evo2\/\">Tornado EVO2<\/a><\/h2><div class=\"fusion-post-content-container\"><p> machine 4 soudure Tornado EVO2       Ensacheuse verticale \u00e0 haute cadence con\u00e7ue pour former, remplir des sachets \u00e0 quatre ...<\/p><\/div><\/div><div class=\"fusion-clearfix\"><\/div><\/article>\n<\/div><\/div><\/div><\/div><\/div><\/div>\n","protected":false},"excerpt":{"rendered":"","protected":false},"author":1,"featured_media":4825,"parent":0,"menu_order":0,"comment_status":"closed","ping_status":"closed","template":"","meta":{"footnotes":""},"class_list":["post-8205","page","type-page","status-publish","has-post-thumbnail","hentry"],"yoast_head":"<!-- This site is optimized with the Yoast SEO plugin v27.3 - https:\/\/yoast.com\/product\/yoast-seo-wordpress\/ -->\n<title>machine 4 soudure - Liquid, powder and solid sachet filling machines |<\/title>\n<meta name=\"description\" content=\"Ensacheuse multipiste AUTOMATIQUE A HAUTE VITESSE et FLEXIBLE pour former et remplir des sachets soud\u00e9s sur 4 c\u00f4t\u00e9s.La TORNADO-EVOlution a \u00e9t\u00e9 con\u00e7ue dans l\u2019id\u00e9e d\u2019am\u00e9liorer les fonctionnalit\u00e9s d\u00e9j\u00e0 bien consolid\u00e9es et performantes de la machine Tornado existante.\" \/>\n<meta name=\"robots\" content=\"index, follow, max-snippet:-1, max-image-preview:large, max-video-preview:-1\" \/>\n<link rel=\"canonical\" href=\"https:\/\/boatopack.com\/fr\/machine-4-soudure\/\" \/>\n<meta name=\"twitter:label1\" content=\"Dur\u00e9e de lecture estim\u00e9e\" \/>\n\t<meta name=\"twitter:data1\" content=\"2 minutes\" \/>\n<script type=\"application\/ld+json\" class=\"yoast-schema-graph\">{\"@context\":\"https:\\\/\\\/schema.org\",\"@graph\":[{\"@type\":\"WebPage\",\"@id\":\"https:\\\/\\\/boatopack.com\\\/fr\\\/machine-4-soudure\\\/\",\"url\":\"https:\\\/\\\/boatopack.com\\\/fr\\\/machine-4-soudure\\\/\",\"name\":\"machine 4 soudure - Liquid, powder and solid sachet filling machines |\",\"isPartOf\":{\"@id\":\"https:\\\/\\\/boatopack.com\\\/fr\\\/#website\"},\"primaryImageOfPage\":{\"@id\":\"https:\\\/\\\/boatopack.com\\\/fr\\\/machine-4-soudure\\\/#primaryimage\"},\"image\":{\"@id\":\"https:\\\/\\\/boatopack.com\\\/fr\\\/machine-4-soudure\\\/#primaryimage\"},\"thumbnailUrl\":\"https:\\\/\\\/boatopack.com\\\/web\\\/wp-content\\\/uploads\\\/2021\\\/12\\\/4ss.png\",\"datePublished\":\"2023-10-25T14:42:20+00:00\",\"dateModified\":\"2023-10-30T16:18:53+00:00\",\"description\":\"Ensacheuse multipiste AUTOMATIQUE A HAUTE VITESSE et FLEXIBLE pour former et remplir des sachets soud\u00e9s sur 4 c\u00f4t\u00e9s.La TORNADO-EVOlution a \u00e9t\u00e9 con\u00e7ue dans l\u2019id\u00e9e d\u2019am\u00e9liorer les fonctionnalit\u00e9s d\u00e9j\u00e0 bien consolid\u00e9es et performantes de la machine Tornado existante.\",\"breadcrumb\":{\"@id\":\"https:\\\/\\\/boatopack.com\\\/fr\\\/machine-4-soudure\\\/#breadcrumb\"},\"inLanguage\":\"fr-FR\",\"potentialAction\":[{\"@type\":\"ReadAction\",\"target\":[\"https:\\\/\\\/boatopack.com\\\/fr\\\/machine-4-soudure\\\/\"]}]},{\"@type\":\"ImageObject\",\"inLanguage\":\"fr-FR\",\"@id\":\"https:\\\/\\\/boatopack.com\\\/fr\\\/machine-4-soudure\\\/#primaryimage\",\"url\":\"https:\\\/\\\/boatopack.com\\\/web\\\/wp-content\\\/uploads\\\/2021\\\/12\\\/4ss.png\",\"contentUrl\":\"https:\\\/\\\/boatopack.com\\\/web\\\/wp-content\\\/uploads\\\/2021\\\/12\\\/4ss.png\",\"width\":500,\"height\":500,\"caption\":\"Four Side seal sachet\"},{\"@type\":\"BreadcrumbList\",\"@id\":\"https:\\\/\\\/boatopack.com\\\/fr\\\/machine-4-soudure\\\/#breadcrumb\",\"itemListElement\":[{\"@type\":\"ListItem\",\"position\":1,\"name\":\"Home\",\"item\":\"https:\\\/\\\/boatopack.com\\\/fr\\\/\"},{\"@type\":\"ListItem\",\"position\":2,\"name\":\"machine 4 soudure\"}]},{\"@type\":\"WebSite\",\"@id\":\"https:\\\/\\\/boatopack.com\\\/fr\\\/#website\",\"url\":\"https:\\\/\\\/boatopack.com\\\/fr\\\/\",\"name\":\"Liquid, powder and solid sachet filling machines |\",\"description\":\"Boato Pack S.r.l.\",\"publisher\":{\"@id\":\"https:\\\/\\\/boatopack.com\\\/fr\\\/#organization\"},\"potentialAction\":[{\"@type\":\"SearchAction\",\"target\":{\"@type\":\"EntryPoint\",\"urlTemplate\":\"https:\\\/\\\/boatopack.com\\\/fr\\\/?s={search_term_string}\"},\"query-input\":{\"@type\":\"PropertyValueSpecification\",\"valueRequired\":true,\"valueName\":\"search_term_string\"}}],\"inLanguage\":\"fr-FR\"},{\"@type\":\"Organization\",\"@id\":\"https:\\\/\\\/boatopack.com\\\/fr\\\/#organization\",\"name\":\"BOATO PACK S.r.l.\",\"url\":\"https:\\\/\\\/boatopack.com\\\/fr\\\/\",\"logo\":{\"@type\":\"ImageObject\",\"inLanguage\":\"fr-FR\",\"@id\":\"https:\\\/\\\/boatopack.com\\\/fr\\\/#\\\/schema\\\/logo\\\/image\\\/\",\"url\":\"https:\\\/\\\/boatopack.com\\\/web\\\/wp-content\\\/uploads\\\/2021\\\/07\\\/logo_big.png\",\"contentUrl\":\"https:\\\/\\\/boatopack.com\\\/web\\\/wp-content\\\/uploads\\\/2021\\\/07\\\/logo_big.png\",\"width\":400,\"height\":79,\"caption\":\"BOATO PACK S.r.l.\"},\"image\":{\"@id\":\"https:\\\/\\\/boatopack.com\\\/fr\\\/#\\\/schema\\\/logo\\\/image\\\/\"},\"sameAs\":[\"https:\\\/\\\/www.linkedin.com\\\/company\\\/boatopack\\\/\",\"https:\\\/\\\/www.youtube.com\\\/watch?v=LPcVeoSXxUI\"]}]}<\/script>\n<!-- \/ Yoast SEO plugin. -->","yoast_head_json":{"title":"machine 4 soudure - Liquid, powder and solid sachet filling machines |","description":"Ensacheuse multipiste AUTOMATIQUE A HAUTE VITESSE et FLEXIBLE pour former et remplir des sachets soud\u00e9s sur 4 c\u00f4t\u00e9s.La TORNADO-EVOlution a \u00e9t\u00e9 con\u00e7ue dans l\u2019id\u00e9e d\u2019am\u00e9liorer les fonctionnalit\u00e9s d\u00e9j\u00e0 bien consolid\u00e9es et performantes de la machine Tornado existante.","robots":{"index":"index","follow":"follow","max-snippet":"max-snippet:-1","max-image-preview":"max-image-preview:large","max-video-preview":"max-video-preview:-1"},"canonical":"https:\/\/boatopack.com\/fr\/machine-4-soudure\/","twitter_misc":{"Dur\u00e9e de lecture estim\u00e9e":"2 minutes"},"schema":{"@context":"https:\/\/schema.org","@graph":[{"@type":"WebPage","@id":"https:\/\/boatopack.com\/fr\/machine-4-soudure\/","url":"https:\/\/boatopack.com\/fr\/machine-4-soudure\/","name":"machine 4 soudure - Liquid, powder and solid sachet filling machines |","isPartOf":{"@id":"https:\/\/boatopack.com\/fr\/#website"},"primaryImageOfPage":{"@id":"https:\/\/boatopack.com\/fr\/machine-4-soudure\/#primaryimage"},"image":{"@id":"https:\/\/boatopack.com\/fr\/machine-4-soudure\/#primaryimage"},"thumbnailUrl":"https:\/\/boatopack.com\/web\/wp-content\/uploads\/2021\/12\/4ss.png","datePublished":"2023-10-25T14:42:20+00:00","dateModified":"2023-10-30T16:18:53+00:00","description":"Ensacheuse multipiste AUTOMATIQUE A HAUTE VITESSE et FLEXIBLE pour former et remplir des sachets soud\u00e9s sur 4 c\u00f4t\u00e9s.La TORNADO-EVOlution a \u00e9t\u00e9 con\u00e7ue dans l\u2019id\u00e9e d\u2019am\u00e9liorer les fonctionnalit\u00e9s d\u00e9j\u00e0 bien consolid\u00e9es et performantes de la machine Tornado existante.","breadcrumb":{"@id":"https:\/\/boatopack.com\/fr\/machine-4-soudure\/#breadcrumb"},"inLanguage":"fr-FR","potentialAction":[{"@type":"ReadAction","target":["https:\/\/boatopack.com\/fr\/machine-4-soudure\/"]}]},{"@type":"ImageObject","inLanguage":"fr-FR","@id":"https:\/\/boatopack.com\/fr\/machine-4-soudure\/#primaryimage","url":"https:\/\/boatopack.com\/web\/wp-content\/uploads\/2021\/12\/4ss.png","contentUrl":"https:\/\/boatopack.com\/web\/wp-content\/uploads\/2021\/12\/4ss.png","width":500,"height":500,"caption":"Four Side seal sachet"},{"@type":"BreadcrumbList","@id":"https:\/\/boatopack.com\/fr\/machine-4-soudure\/#breadcrumb","itemListElement":[{"@type":"ListItem","position":1,"name":"Home","item":"https:\/\/boatopack.com\/fr\/"},{"@type":"ListItem","position":2,"name":"machine 4 soudure"}]},{"@type":"WebSite","@id":"https:\/\/boatopack.com\/fr\/#website","url":"https:\/\/boatopack.com\/fr\/","name":"Liquid, powder and solid sachet filling machines |","description":"Boato Pack S.r.l.","publisher":{"@id":"https:\/\/boatopack.com\/fr\/#organization"},"potentialAction":[{"@type":"SearchAction","target":{"@type":"EntryPoint","urlTemplate":"https:\/\/boatopack.com\/fr\/?s={search_term_string}"},"query-input":{"@type":"PropertyValueSpecification","valueRequired":true,"valueName":"search_term_string"}}],"inLanguage":"fr-FR"},{"@type":"Organization","@id":"https:\/\/boatopack.com\/fr\/#organization","name":"BOATO PACK S.r.l.","url":"https:\/\/boatopack.com\/fr\/","logo":{"@type":"ImageObject","inLanguage":"fr-FR","@id":"https:\/\/boatopack.com\/fr\/#\/schema\/logo\/image\/","url":"https:\/\/boatopack.com\/web\/wp-content\/uploads\/2021\/07\/logo_big.png","contentUrl":"https:\/\/boatopack.com\/web\/wp-content\/uploads\/2021\/07\/logo_big.png","width":400,"height":79,"caption":"BOATO PACK S.r.l."},"image":{"@id":"https:\/\/boatopack.com\/fr\/#\/schema\/logo\/image\/"},"sameAs":["https:\/\/www.linkedin.com\/company\/boatopack\/","https:\/\/www.youtube.com\/watch?v=LPcVeoSXxUI"]}]}},"_links":{"self":[{"href":"https:\/\/boatopack.com\/fr\/wp-json\/wp\/v2\/pages\/8205","targetHints":{"allow":["GET"]}}],"collection":[{"href":"https:\/\/boatopack.com\/fr\/wp-json\/wp\/v2\/pages"}],"about":[{"href":"https:\/\/boatopack.com\/fr\/wp-json\/wp\/v2\/types\/page"}],"author":[{"embeddable":true,"href":"https:\/\/boatopack.com\/fr\/wp-json\/wp\/v2\/users\/1"}],"replies":[{"embeddable":true,"href":"https:\/\/boatopack.com\/fr\/wp-json\/wp\/v2\/comments?post=8205"}],"version-history":[{"count":4,"href":"https:\/\/boatopack.com\/fr\/wp-json\/wp\/v2\/pages\/8205\/revisions"}],"predecessor-version":[{"id":8325,"href":"https:\/\/boatopack.com\/fr\/wp-json\/wp\/v2\/pages\/8205\/revisions\/8325"}],"wp:featuredmedia":[{"embeddable":true,"href":"https:\/\/boatopack.com\/fr\/wp-json\/wp\/v2\/media\/4825"}],"wp:attachment":[{"href":"https:\/\/boatopack.com\/fr\/wp-json\/wp\/v2\/media?parent=8205"}],"curies":[{"name":"wp","href":"https:\/\/api.w.org\/{rel}","templated":true}]}}