{"id":6534,"date":"2022-02-28T11:37:05","date_gmt":"2022-02-28T11:37:05","guid":{"rendered":"https:\/\/boatopack.com\/?page_id=6534"},"modified":"2022-03-14T09:35:13","modified_gmt":"2022-03-14T09:35:13","slug":"maquinas-de-4-sellos-para-toallitas-humedas-evo","status":"publish","type":"page","link":"https:\/\/boatopack.com\/es\/maquinas-de-4-sellos-para-toallitas-humedas-evo\/","title":{"rendered":"M\u00e1quinas de 4 sellos para toallitas h\u00famedas &#8211; EVO"},"content":{"rendered":"<div class=\"fusion-fullwidth fullwidth-box fusion-builder-row-1 fusion-flex-container nonhundred-percent-fullwidth non-hundred-percent-height-scrolling\" style=\"--awb-border-radius-top-left:0px;--awb-border-radius-top-right:0px;--awb-border-radius-bottom-right:0px;--awb-border-radius-bottom-left:0px;--awb-flex-wrap:wrap;\" ><div class=\"fusion-builder-row fusion-row fusion-flex-align-items-flex-start fusion-flex-content-wrap\" style=\"max-width:1320.8px;margin-left: calc(-4% \/ 2 );margin-right: calc(-4% \/ 2 );\"><div class=\"fusion-layout-column fusion_builder_column fusion-builder-column-0 fusion_builder_column_1_1 1_1 fusion-flex-column\" style=\"--awb-bg-size:cover;--awb-width-large:100%;--awb-margin-top-large:25px;--awb-spacing-right-large:1.92%;--awb-margin-bottom-large:25px;--awb-spacing-left-large:1.92%;--awb-width-medium:100%;--awb-order-medium:0;--awb-spacing-right-medium:1.92%;--awb-spacing-left-medium:1.92%;--awb-width-small:100%;--awb-order-small:0;--awb-spacing-right-small:1.92%;--awb-spacing-left-small:1.92%;\"><div class=\"fusion-column-wrapper fusion-column-has-shadow fusion-flex-justify-content-flex-start fusion-content-layout-column\"><div class=\"fusion-title title fusion-title-1 fusion-sep-none fusion-title-center fusion-title-text fusion-title-size-two\" style=\"--awb-text-color:#ea0a2a;--awb-margin-top:10px;--awb-margin-bottom:10px;\"><h2 class=\"fusion-title-heading title-heading-center fusion-responsive-typography-calculated\" style=\"margin:0;--fontSize:44;line-height:1.26;\"><p style=\"text-align: center;\"><strong>M\u00e1quina de 4 sellos &#8211; Tornado EVO<\/strong><\/p>\n<h4 style=\"text-align: center; color: #ea0a2a;\"><em>para toallitas h\u00famedas<\/em><\/h4><\/h2><\/div><div class=\"fusion-separator\" style=\"align-self: center;margin-left: auto;margin-right: auto;margin-top:20px;margin-bottom:20px;width:100%;max-width:50%;\"><div class=\"fusion-separator-border sep-single sep-solid\" style=\"--awb-height:20px;--awb-amount:20px;--awb-sep-color:#ea0a2a;border-color:#ea0a2a;border-top-width:2px;\"><\/div><\/div><div class=\"fusion-blog-shortcode fusion-blog-shortcode-1 fusion-blog-archive fusion-blog-layout-medium-alternate fusion-blog-infinite\"><div class=\"fusion-posts-container fusion-posts-container-infinite fusion-no-meta-info\" data-pages=\"1\"><article id=\"blog-1-post-6412\" class=\"fusion-post-medium-alternate post-6412 post type-post status-publish format-standard has-post-thumbnail hentry category-4-sellos category-fwt-es category-4-sellos-toallitas-humedas\">\n<div class=\"fusion-date-and-formats\"><div class=\"fusion-date-box updated\"><span class=\"fusion-date\">9:33 am<\/span><span class=\"fusion-month-year\">9:33 am<\/span><\/div><div class=\"fusion-format-box\"><i class=\"awb-icon-pen\" aria-hidden=\"true\"><\/i><\/div><\/div>\t<style type=\"text\/css\">\n\t\t\n\t\t\n\t\t\n\t\t\n\t\t\t<\/style>\n\n\n\t\t\t<div class=\"fusion-flexslider flexslider fusion-flexslider-loading fusion-post-slideshow\" style=\"\">\n\t\t<ul class=\"slides\">\n\t\t\t\n\t\t\t\t\t\t\t\t\t\t\t\t\t\t<li><div  class=\"fusion-image-wrapper fusion-image-size-fixed\" aria-haspopup=\"true\">\n\t\t\t\t\t\t\t<a href=\"https:\/\/boatopack.com\/es\/tejido-humedo-4-sobres-llenadora-maquina-evo\/\" aria-label=\"WT &#8211; EVO\">\n\t\t\t\t\t\t\t<img decoding=\"async\" width=\"320\" height=\"202\" src=\"https:\/\/boatopack.com\/web\/wp-content\/uploads\/2021\/11\/WT-horiz-320x202.png\" class=\"attachment-blog-medium size-blog-medium lazyload wp-post-image\" alt=\"Wet Wipe Tissue sachet machine\" srcset=\"data:image\/svg+xml,%3Csvg%20xmlns%3D%27http%3A%2F%2Fwww.w3.org%2F2000%2Fsvg%27%20width%3D%271280%27%20height%3D%27720%27%20viewBox%3D%270%200%201280%20720%27%3E%3Crect%20width%3D%271280%27%20height%3D%27720%27%20fill-opacity%3D%220%22%2F%3E%3C%2Fsvg%3E\" data-orig-src=\"https:\/\/boatopack.com\/web\/wp-content\/uploads\/2021\/11\/WT-horiz-320x202.png\" data-srcset=\"https:\/\/boatopack.com\/web\/wp-content\/uploads\/2021\/11\/WT-horiz-320x202.png 320w, https:\/\/boatopack.com\/web\/wp-content\/uploads\/2021\/11\/WT-horiz-700x441.png 700w\" data-sizes=\"auto\" \/>\t\t\t<\/a>\n\t\t\t\t\t\t\t<\/div>\n<\/li>\n\t\t\t\n\t\t\t\n\t\t\t\t\t\t\t\t\t\t\t\t\t\t\t\t\t\t\t\t\t\t\t\t\t\t\t\t\t\t\t\t\t\t\t\t\t\t\t\t\t\t\t\t\t\t\t\t\t\t\t\t\t\t\t\t\t\t\t\t\t\t\t\t\t\t\t\t<\/ul>\n\t<\/div>\n\t<div class=\"fusion-post-content post-content\"><h2 class=\"blog-shortcode-post-title entry-title\"><a href=\"https:\/\/boatopack.com\/es\/tejido-humedo-4-sobres-llenadora-maquina-evo\/\">WT &#8211; EVO<\/a><\/h2><div class=\"fusion-post-content-container\"><p> M\u00e1quina de 4 sellos  para Toallitas h\u00famedas            ...<\/p><\/div><\/div><div class=\"fusion-clearfix\"><\/div><\/article>\n<\/div><\/div><\/div><\/div><\/div><\/div>\n","protected":false},"excerpt":{"rendered":"","protected":false},"author":1,"featured_media":4827,"parent":0,"menu_order":0,"comment_status":"closed","ping_status":"closed","template":"","meta":{"footnotes":""},"class_list":["post-6534","page","type-page","status-publish","has-post-thumbnail","hentry"],"yoast_head":"<!-- This site is optimized with the Yoast SEO plugin v27.3 - https:\/\/yoast.com\/product\/yoast-seo-wordpress\/ -->\n<title>M\u00e1quinas de 4 sellos para toallitas h\u00famedas - EVO - Liquid, powder and solid sachet filling machines |<\/title>\n<meta name=\"description\" content=\"M\u00e1quina envasadora AUTOM\u00c1TICA, de ALTA VELOCIDADE e FLEX\u00cdVEL com m\u00faltiplas faixas para a forma\u00e7\u00e3o e enchimento de sach\u00ea selados en 4 lados.\" \/>\n<meta name=\"robots\" content=\"index, follow, max-snippet:-1, max-image-preview:large, max-video-preview:-1\" \/>\n<link rel=\"canonical\" href=\"https:\/\/boatopack.com\/es\/maquinas-de-4-sellos-para-toallitas-humedas-evo\/\" \/>\n<meta name=\"twitter:label1\" content=\"Tiempo de lectura\" \/>\n\t<meta name=\"twitter:data1\" content=\"5 minutos\" \/>\n<script type=\"application\/ld+json\" class=\"yoast-schema-graph\">{\"@context\":\"https:\\\/\\\/schema.org\",\"@graph\":[{\"@type\":\"WebPage\",\"@id\":\"https:\\\/\\\/boatopack.com\\\/es\\\/maquinas-de-4-sellos-para-toallitas-humedas-evo\\\/\",\"url\":\"https:\\\/\\\/boatopack.com\\\/es\\\/maquinas-de-4-sellos-para-toallitas-humedas-evo\\\/\",\"name\":\"M\u00e1quinas de 4 sellos para toallitas h\u00famedas - EVO - Liquid, powder and solid sachet filling machines |\",\"isPartOf\":{\"@id\":\"https:\\\/\\\/boatopack.com\\\/es\\\/#website\"},\"primaryImageOfPage\":{\"@id\":\"https:\\\/\\\/boatopack.com\\\/es\\\/maquinas-de-4-sellos-para-toallitas-humedas-evo\\\/#primaryimage\"},\"image\":{\"@id\":\"https:\\\/\\\/boatopack.com\\\/es\\\/maquinas-de-4-sellos-para-toallitas-humedas-evo\\\/#primaryimage\"},\"thumbnailUrl\":\"https:\\\/\\\/boatopack.com\\\/web\\\/wp-content\\\/uploads\\\/2021\\\/12\\\/4ss.png\",\"datePublished\":\"2022-02-28T11:37:05+00:00\",\"dateModified\":\"2022-03-14T09:35:13+00:00\",\"description\":\"M\u00e1quina envasadora AUTOM\u00c1TICA, de ALTA VELOCIDADE e FLEX\u00cdVEL com m\u00faltiplas faixas para a forma\u00e7\u00e3o e enchimento de sach\u00ea selados en 4 lados.\",\"breadcrumb\":{\"@id\":\"https:\\\/\\\/boatopack.com\\\/es\\\/maquinas-de-4-sellos-para-toallitas-humedas-evo\\\/#breadcrumb\"},\"inLanguage\":\"es\",\"potentialAction\":[{\"@type\":\"ReadAction\",\"target\":[\"https:\\\/\\\/boatopack.com\\\/es\\\/maquinas-de-4-sellos-para-toallitas-humedas-evo\\\/\"]}]},{\"@type\":\"ImageObject\",\"inLanguage\":\"es\",\"@id\":\"https:\\\/\\\/boatopack.com\\\/es\\\/maquinas-de-4-sellos-para-toallitas-humedas-evo\\\/#primaryimage\",\"url\":\"https:\\\/\\\/boatopack.com\\\/web\\\/wp-content\\\/uploads\\\/2021\\\/12\\\/4ss.png\",\"contentUrl\":\"https:\\\/\\\/boatopack.com\\\/web\\\/wp-content\\\/uploads\\\/2021\\\/12\\\/4ss.png\",\"width\":500,\"height\":500,\"caption\":\"Four Side seal sachet\"},{\"@type\":\"BreadcrumbList\",\"@id\":\"https:\\\/\\\/boatopack.com\\\/es\\\/maquinas-de-4-sellos-para-toallitas-humedas-evo\\\/#breadcrumb\",\"itemListElement\":[{\"@type\":\"ListItem\",\"position\":1,\"name\":\"Home\",\"item\":\"https:\\\/\\\/boatopack.com\\\/es\\\/\"},{\"@type\":\"ListItem\",\"position\":2,\"name\":\"M\u00e1quinas de 4 sellos para toallitas h\u00famedas &#8211; EVO\"}]},{\"@type\":\"WebSite\",\"@id\":\"https:\\\/\\\/boatopack.com\\\/es\\\/#website\",\"url\":\"https:\\\/\\\/boatopack.com\\\/es\\\/\",\"name\":\"Liquid, powder and solid sachet filling machines |\",\"description\":\"Boato Pack S.r.l.\",\"publisher\":{\"@id\":\"https:\\\/\\\/boatopack.com\\\/es\\\/#organization\"},\"potentialAction\":[{\"@type\":\"SearchAction\",\"target\":{\"@type\":\"EntryPoint\",\"urlTemplate\":\"https:\\\/\\\/boatopack.com\\\/es\\\/?s={search_term_string}\"},\"query-input\":{\"@type\":\"PropertyValueSpecification\",\"valueRequired\":true,\"valueName\":\"search_term_string\"}}],\"inLanguage\":\"es\"},{\"@type\":\"Organization\",\"@id\":\"https:\\\/\\\/boatopack.com\\\/es\\\/#organization\",\"name\":\"BOATO PACK S.r.l.\",\"url\":\"https:\\\/\\\/boatopack.com\\\/es\\\/\",\"logo\":{\"@type\":\"ImageObject\",\"inLanguage\":\"es\",\"@id\":\"https:\\\/\\\/boatopack.com\\\/es\\\/#\\\/schema\\\/logo\\\/image\\\/\",\"url\":\"https:\\\/\\\/boatopack.com\\\/web\\\/wp-content\\\/uploads\\\/2021\\\/07\\\/logo_big.png\",\"contentUrl\":\"https:\\\/\\\/boatopack.com\\\/web\\\/wp-content\\\/uploads\\\/2021\\\/07\\\/logo_big.png\",\"width\":400,\"height\":79,\"caption\":\"BOATO PACK S.r.l.\"},\"image\":{\"@id\":\"https:\\\/\\\/boatopack.com\\\/es\\\/#\\\/schema\\\/logo\\\/image\\\/\"},\"sameAs\":[\"https:\\\/\\\/www.linkedin.com\\\/company\\\/boatopack\\\/\",\"https:\\\/\\\/www.youtube.com\\\/watch?v=LPcVeoSXxUI\"]}]}<\/script>\n<!-- \/ Yoast SEO plugin. -->","yoast_head_json":{"title":"M\u00e1quinas de 4 sellos para toallitas h\u00famedas - EVO - Liquid, powder and solid sachet filling machines |","description":"M\u00e1quina envasadora AUTOM\u00c1TICA, de ALTA VELOCIDADE e FLEX\u00cdVEL com m\u00faltiplas faixas para a forma\u00e7\u00e3o e enchimento de sach\u00ea selados en 4 lados.","robots":{"index":"index","follow":"follow","max-snippet":"max-snippet:-1","max-image-preview":"max-image-preview:large","max-video-preview":"max-video-preview:-1"},"canonical":"https:\/\/boatopack.com\/es\/maquinas-de-4-sellos-para-toallitas-humedas-evo\/","twitter_misc":{"Tiempo de lectura":"5 minutos"},"schema":{"@context":"https:\/\/schema.org","@graph":[{"@type":"WebPage","@id":"https:\/\/boatopack.com\/es\/maquinas-de-4-sellos-para-toallitas-humedas-evo\/","url":"https:\/\/boatopack.com\/es\/maquinas-de-4-sellos-para-toallitas-humedas-evo\/","name":"M\u00e1quinas de 4 sellos para toallitas h\u00famedas - EVO - Liquid, powder and solid sachet filling machines |","isPartOf":{"@id":"https:\/\/boatopack.com\/es\/#website"},"primaryImageOfPage":{"@id":"https:\/\/boatopack.com\/es\/maquinas-de-4-sellos-para-toallitas-humedas-evo\/#primaryimage"},"image":{"@id":"https:\/\/boatopack.com\/es\/maquinas-de-4-sellos-para-toallitas-humedas-evo\/#primaryimage"},"thumbnailUrl":"https:\/\/boatopack.com\/web\/wp-content\/uploads\/2021\/12\/4ss.png","datePublished":"2022-02-28T11:37:05+00:00","dateModified":"2022-03-14T09:35:13+00:00","description":"M\u00e1quina envasadora AUTOM\u00c1TICA, de ALTA VELOCIDADE e FLEX\u00cdVEL com m\u00faltiplas faixas para a forma\u00e7\u00e3o e enchimento de sach\u00ea selados en 4 lados.","breadcrumb":{"@id":"https:\/\/boatopack.com\/es\/maquinas-de-4-sellos-para-toallitas-humedas-evo\/#breadcrumb"},"inLanguage":"es","potentialAction":[{"@type":"ReadAction","target":["https:\/\/boatopack.com\/es\/maquinas-de-4-sellos-para-toallitas-humedas-evo\/"]}]},{"@type":"ImageObject","inLanguage":"es","@id":"https:\/\/boatopack.com\/es\/maquinas-de-4-sellos-para-toallitas-humedas-evo\/#primaryimage","url":"https:\/\/boatopack.com\/web\/wp-content\/uploads\/2021\/12\/4ss.png","contentUrl":"https:\/\/boatopack.com\/web\/wp-content\/uploads\/2021\/12\/4ss.png","width":500,"height":500,"caption":"Four Side seal sachet"},{"@type":"BreadcrumbList","@id":"https:\/\/boatopack.com\/es\/maquinas-de-4-sellos-para-toallitas-humedas-evo\/#breadcrumb","itemListElement":[{"@type":"ListItem","position":1,"name":"Home","item":"https:\/\/boatopack.com\/es\/"},{"@type":"ListItem","position":2,"name":"M\u00e1quinas de 4 sellos para toallitas h\u00famedas &#8211; EVO"}]},{"@type":"WebSite","@id":"https:\/\/boatopack.com\/es\/#website","url":"https:\/\/boatopack.com\/es\/","name":"Liquid, powder and solid sachet filling machines |","description":"Boato Pack S.r.l.","publisher":{"@id":"https:\/\/boatopack.com\/es\/#organization"},"potentialAction":[{"@type":"SearchAction","target":{"@type":"EntryPoint","urlTemplate":"https:\/\/boatopack.com\/es\/?s={search_term_string}"},"query-input":{"@type":"PropertyValueSpecification","valueRequired":true,"valueName":"search_term_string"}}],"inLanguage":"es"},{"@type":"Organization","@id":"https:\/\/boatopack.com\/es\/#organization","name":"BOATO PACK S.r.l.","url":"https:\/\/boatopack.com\/es\/","logo":{"@type":"ImageObject","inLanguage":"es","@id":"https:\/\/boatopack.com\/es\/#\/schema\/logo\/image\/","url":"https:\/\/boatopack.com\/web\/wp-content\/uploads\/2021\/07\/logo_big.png","contentUrl":"https:\/\/boatopack.com\/web\/wp-content\/uploads\/2021\/07\/logo_big.png","width":400,"height":79,"caption":"BOATO PACK S.r.l."},"image":{"@id":"https:\/\/boatopack.com\/es\/#\/schema\/logo\/image\/"},"sameAs":["https:\/\/www.linkedin.com\/company\/boatopack\/","https:\/\/www.youtube.com\/watch?v=LPcVeoSXxUI"]}]}},"_links":{"self":[{"href":"https:\/\/boatopack.com\/es\/wp-json\/wp\/v2\/pages\/6534","targetHints":{"allow":["GET"]}}],"collection":[{"href":"https:\/\/boatopack.com\/es\/wp-json\/wp\/v2\/pages"}],"about":[{"href":"https:\/\/boatopack.com\/es\/wp-json\/wp\/v2\/types\/page"}],"author":[{"embeddable":true,"href":"https:\/\/boatopack.com\/es\/wp-json\/wp\/v2\/users\/1"}],"replies":[{"embeddable":true,"href":"https:\/\/boatopack.com\/es\/wp-json\/wp\/v2\/comments?post=6534"}],"version-history":[{"count":6,"href":"https:\/\/boatopack.com\/es\/wp-json\/wp\/v2\/pages\/6534\/revisions"}],"predecessor-version":[{"id":6762,"href":"https:\/\/boatopack.com\/es\/wp-json\/wp\/v2\/pages\/6534\/revisions\/6762"}],"wp:featuredmedia":[{"embeddable":true,"href":"https:\/\/boatopack.com\/es\/wp-json\/wp\/v2\/media\/4827"}],"wp:attachment":[{"href":"https:\/\/boatopack.com\/es\/wp-json\/wp\/v2\/media?parent=6534"}],"curies":[{"name":"wp","href":"https:\/\/api.w.org\/{rel}","templated":true}]}}